{"id":140,"date":"2014-05-17T09:24:48","date_gmt":"2014-05-17T08:24:48","guid":{"rendered":"http:\/\/philippe-lambert-journaliste.be\/?page_id=140"},"modified":"2022-05-25T10:08:59","modified_gmt":"2022-05-25T09:08:59","slug":"press-book-3","status":"publish","type":"page","link":"https:\/\/philippe-lambert-journaliste.be\/?page_id=140","title":{"rendered":"EXEMPLES DE SUJETS TRAIT\u00c9S POUR LA PRESSE \u00c9CRITE"},"content":{"rendered":"<h1><span style=\"font-family: Verdana;\">Sciences<\/span><\/h1>\n<table border=\"2\" width=\"917\" cellspacing=\"5\">\n<tbody>\n<tr>\n<td rowspan=\"3\" bgcolor=\"#CCFF99\" width=\"445\"><span style=\"font-family: Verdana;\">Conscience et libre arbitre<br \/>\nImagerie c\u00e9r\u00e9brale et dualisme cart\u00e9sien<br \/>\nLes \u00e9tats de conscience alt\u00e9r\u00e9s<br \/>\nLes NDE (Near-Death Experience)<br \/>\nLa cr\u00e9ativit\u00e9<br \/>\nLa plasticit\u00e9 c\u00e9r\u00e9brale<br \/>\nSt\u00e9r\u00e9otypes et pr\u00e9jug\u00e9s<br \/>\nBases neurobiologiques de la motivation<br \/>\nL&rsquo;h\u00e9min\u00e9gligence ou quand la moiti\u00e9 du monde n&rsquo;existe pas<br \/>\nLa dyslexie<br \/>\nLa psychopathologie \u00e9thologique et \u00e9volutionniste<br \/>\nIntelligence et fonctions ex\u00e9cutives<br \/>\nLa construction du cerveau<br \/>\nLa schizophr\u00e9nie<br \/>\nLe stress post-traumatique<br \/>\nSommeil et apprentissage<br \/>\nLe r\u00eave<br \/>\n<em>Le Livre noir de la psychanalyse<\/em><br \/>\nAlzheimer et cholest\u00e9rol c\u00e9r\u00e9bral<br \/>\nLes phobies sociales<br \/>\nLes faux souvenirs<br \/>\nLe mod\u00e8le bimn\u00e9sique des \u00e9motions<br \/>\nL&rsquo;\u00e9pilepsie<br \/>\nLa scl\u00e9rose en plaques<br \/>\nAlcool et drogues\u00a0: approche neurobiologique<br \/>\nLa reconnaissance visuelle des objets et des visages<br \/>\nLes hallucinations<br \/>\nM\u00e9moire et identit\u00e9\u00a0: le mod\u00e8le de Martin Conway<br \/>\nPrisons : psychopathologie de l&rsquo;homme en situation<br \/>\nL&rsquo;agressivit\u00e9\u00a0: approche neurobiologique<br \/>\nLe locked-in syndrome<br \/>\nClarity, le \u00ab\u00a0cerveau transparent\u00a0\u00bb<br \/>\nR\u00e9parer les l\u00e9sions de la moelle \u00e9pini\u00e8re\u00a0: \u00e9tat de la recherche<br \/>\nPsychologie de l&rsquo;enfant malade<br \/>\nLes enfants anxieux<br \/>\nLes neurones miroirs<br \/>\nLa conscience en \u00e9quation<br \/>\nLa production de neurones corticaux humains \u00e0 partir de fibroblastes de la peau<br \/>\nL&rsquo;ocytocine, hormone altruiste<br \/>\nInternet rend-il stupide\u00a0?<br \/>\nLe partage social des \u00e9motions<br \/>\nLa d\u00e9pendance au t\u00e9l\u00e9phone portable<br \/>\nLa cyberd\u00e9pendance<br \/>\nSport et alcool\u00a0: m\u00eame d\u00e9pendance\u00a0?<br \/>\nLes troubles alimentaires<br \/>\nLa soumission \u00e0 l&rsquo;autorit\u00e9 : Milgram revisit\u00e9<br \/>\nLe sex-ratio dans l&rsquo;autisme : l&rsquo;explication g\u00e9n\u00e9tique<br \/>\nLes d\u00e9sillusions de la psychanalyse<br \/>\nLe syndrome de Bonnie and Clyde<br \/>\nLe syndrome de l&rsquo;imposteur<br \/>\nD\u00e9sir sexuel et cerveau<br \/>\nCartes cognitives et GPS c\u00e9r\u00e9bral<br \/>\nLe hikikomori<br \/>\nLe complotisme<br \/>\n<\/span><\/td>\n<td align=\"right\" valign=\"top\" bgcolor=\"#FF99FF\" width=\"445\"><span style=\"font-family: Verdana;\">Astrophysique\u00a0: l&rsquo;\u00e9nigme de l&rsquo;instant z\u00e9ro<br \/>\nQu&rsquo;est-ce que le temps\u00a0?<br \/>\nLe principe anthropique\u00a0: pourquoi sommes-nous l\u00e0\u00a0?<br \/>\nLa th\u00e9orie des cordes<br \/>\nLa m\u00e9canique quantique<br \/>\nAstrobiologie, exoplan\u00e8tes et signatures de vie<br \/>\nLes lois de la physique\u00a0: reflet de la r\u00e9alit\u00e9 ou de notre structuration mentale\u00a0?<br \/>\nLa th\u00e9orie du chaos<br \/>\nLes mirages gravitationnels<br \/>\nCosmologie\u00a0: interview de Hubert Reeves<br \/>\nCosmologie\u00a0: un univers plat en expansion acc\u00e9l\u00e9r\u00e9e<\/span><\/td>\n<\/tr>\n<tr>\n<td align=\"right\" valign=\"top\" bgcolor=\"#99CCFF\"><span style=\"font-family: Verdana;\">Bio\u00e9thique : interview du professeur Jean Bernard<br \/>\nL&rsquo;\u00e9thique de la mort\u00a0&#8211; l&rsquo;arr\u00eat des traitements chez les patients gravement c\u00e9r\u00e9brol\u00e9s\u00e9s<br \/>\n\u00c9thique et exp\u00e9rimentation animale<\/span><\/td>\n<\/tr>\n<tr>\n<td align=\"right\" valign=\"top\" bgcolor=\"#FFFF33\"><span style=\"font-family: Verdana;\">Le burn out<br \/>\nInterview du professeur Christian de Duve, prix Nobel de m\u00e9decine<br \/>\nLa s\u00e9duction<br \/>\nLe sexisme bienveillant<br \/>\nLes d\u00e9viances sexuelles<br \/>\nLes acouph\u00e8nes<br \/>\nL&rsquo;ost\u00e9oporose<br \/>\nLe diab\u00e8te<br \/>\nLa biog\u00e9rontologie<br \/>\nL&rsquo;homosexualit\u00e9, fruit d&rsquo;influences pr\u00e9natales\u00a0?<br \/>\nLa vie intime des poissons-clowns<br \/>\nChronobiologie, jet-lag et travail post\u00e9<br \/>\nLa phototh\u00e9rapie<br \/>\nL&rsquo;hypnose en anesth\u00e9siologie<br \/>\nL&rsquo;entomologie m\u00e9dico-l\u00e9gale<br \/>\nLes cl\u00e9s du charisme politique<br \/>\nLa communication non verbale chez les leaders politiques<br \/>\nProjets de cit\u00e9s cyclop\u00e9ennes au Japon<br \/>\nFourmis, hasard et complexit\u00e9<br \/>\nL&rsquo;ergonomie cognitive<br \/>\nLes origines du langage humain<br \/>\nLa mort subite chez les sportifs<br \/>\nComportements alimentaires : rationalit\u00e9 limit\u00e9e<br \/>\nCovid, sommeil et sant\u00e9 mentale<br \/>\n<\/span><\/td>\n<\/tr>\n<tr>\n<td bgcolor=\"#66FFFF\" width=\"445\"><span style=\"font-family: Verdana;\">Cancer et th\u00e9rapies cibl\u00e9es<br \/>\nLa cascade m\u00e9tastatique<br \/>\nJe\u00fbne th\u00e9rapeutique et canc\u00e9rologie<br \/>\nLa radioth\u00e9rapie<br \/>\nCellules souches et cancer<br \/>\nCanc\u00e9rologie\u00a0: la recherche d\u2019un vaccin th\u00e9rapeutique<br \/>\nCancer et m\u00e9thylation de l&rsquo;ADN<br \/>\nLes cellules tumorales circulantes<br \/>\nCancer et t\u00e9lom\u00e8res<br \/>\nL&rsquo;immunoth\u00e9rapie du cancer<br \/>\nCancers, ribosomes et nucl\u00e9oles<br \/>\nLes m\u00e9lanomes BRAF<br \/>\nPr\u00e9vention des m\u00e9tastases et des r\u00e9cidives<br \/>\n<\/span><\/td>\n<td align=\"right\" valign=\"top\" bgcolor=\"#66FF66\"><span style=\"font-family: Verdana;\">Dopage : l&rsquo;affaire Armstrong<br \/>\nLe fiasco de la lutte antidopage<br \/>\nAffaire Pistorius\u00a0: la piste des st\u00e9ro\u00efdes anabolisants\u00a0?<br \/>\nBiom\u00e9canique\u00a0: le sprint (athl\u00e9tisme)<br \/>\nFootball professionnel et m\u00e9decine du sport<br \/>\nLa t\u00e9l\u00e9m\u00e9trie en Formule 1<br \/>\nL&rsquo;ergonomie visuelle en Formule 1<br \/>\nRituels et superstitions chez les pilotes de Formule 1<br \/>\nPerception de la mort par les pilotes de Formule 1<br \/>\n<\/span><\/td>\n<\/tr>\n<\/tbody>\n<\/table>\n<h1><span style=\"font-family: Verdana;\">Divers<\/span><\/h1>\n<table border=\"2\" width=\"917\" cellspacing=\"5\">\n<tbody>\n<tr>\n<td bgcolor=\"#CCFFFF\" width=\"445\"><span style=\"font-family: Verdana;\">Culture<\/span><\/td>\n<td align=\"right\" bgcolor=\"#FFFF99\" width=\"445\"><span style=\"font-family: Verdana;\">Sports<\/span><\/td>\n<\/tr>\n<\/tbody>\n<\/table>\n<table border=\"2\" width=\"917\" cellspacing=\"5\">\n<tbody>\n<tr>\n<td align=\"left\" valign=\"top\" bgcolor=\"#CCFFFF\" width=\"445\">\n<p style=\"font-family: Verdana;\"><em>Portraits et interviews<\/em><\/p>\n<p style=\"font-family: Verdana;\">Tahar Rahim<br \/>\nAlain Decaux<br \/>\nYves Coppens<br \/>\nL\u00e9o Ferr\u00e9<br \/>\nRaymond Devos<br \/>\nYves Mourousi<br \/>\nFran\u00e7ois Cluzet<br \/>\nSandrine Bonnaire<br \/>\nSteve McQueen<br \/>\nAndr\u00e9 Dussolier<br \/>\nNicolas Cage<\/p>\n<\/td>\n<td align=\"right\" bgcolor=\"#FFFF99\" width=\"445\"><span style=\"font-family: Verdana;\"><br \/>\n<em>Portraits et interviews<\/em><\/span><\/p>\n<p>Pep Guardiola<br \/>\nSebastian Vettel<br \/>\nDavid Beckham<br \/>\nMario Balotelli<br \/>\nEddy Merckx<span style=\"font-family: Verdana;\"><br \/>\nFootball : le centre de formation de l&rsquo;Ajax d&rsquo;Amsterdam<br \/>\nLe suivi m\u00e9dical des joueurs du Standard de Li\u00e8ge<br \/>\nReal Madrid<br \/>\nL&rsquo;arbitrage vid\u00e9o<br \/>\nRemco Evenepoel<br \/>\nJ\u00fcrgen Klopp<br \/>\n<\/span><\/td>\n<\/tr>\n<\/tbody>\n<\/table>\n<table border=\"2\" width=\"917\">\n<tbody>\n<tr>\n<td bgcolor=\"#9966FF\"><span style=\"font-family: Verdana;\">Soci\u00e9t\u00e9<br \/>\n<\/span><\/td>\n<\/tr>\n<\/tbody>\n<\/table>\n<table border=\"2\" width=\"917\">\n<tbody>\n<tr>\n<td bgcolor=\"#9966FF\"><span style=\"font-family: Verdana;\">Le don d&rsquo;organes<br \/>\nLe fan coaching<br \/>\nLe suicide chez les jeunes<br \/>\nLe vieillissement des populations<br \/>\nLa d\u00e9linquance \u00e9conomique<\/span><\/td>\n<\/tr>\n<\/tbody>\n<\/table>\n<p><span style=\"font-family: Verdana;\"><br \/>\n<\/span><\/p>\n","protected":false},"excerpt":{"rendered":"<p>Sciences Conscience et libre arbitre Imagerie c\u00e9r\u00e9brale et dualisme cart\u00e9sien Les \u00e9tats de conscience alt\u00e9r\u00e9s Les NDE (Near-Death Experience) La cr\u00e9ativit\u00e9 La plasticit\u00e9 c\u00e9r\u00e9brale St\u00e9r\u00e9otypes et pr\u00e9jug\u00e9s Bases neurobiologiques de la motivation L&rsquo;h\u00e9min\u00e9gligence ou quand la moiti\u00e9 du monde n&rsquo;existe pas La dyslexie La psychopathologie \u00e9thologique et \u00e9volutionniste Intelligence et fonctions ex\u00e9cutives La construction du [&hellip;]<\/p>\n","protected":false},"author":1,"featured_media":0,"parent":0,"menu_order":3,"comment_status":"closed","ping_status":"open","template":"","meta":{"footnotes":""},"class_list":["post-140","page","type-page","status-publish","hentry"],"_links":{"self":[{"href":"https:\/\/philippe-lambert-journaliste.be\/index.php?rest_route=\/wp\/v2\/pages\/140","targetHints":{"allow":["GET"]}}],"collection":[{"href":"https:\/\/philippe-lambert-journaliste.be\/index.php?rest_route=\/wp\/v2\/pages"}],"about":[{"href":"https:\/\/philippe-lambert-journaliste.be\/index.php?rest_route=\/wp\/v2\/types\/page"}],"author":[{"embeddable":true,"href":"https:\/\/philippe-lambert-journaliste.be\/index.php?rest_route=\/wp\/v2\/users\/1"}],"replies":[{"embeddable":true,"href":"https:\/\/philippe-lambert-journaliste.be\/index.php?rest_route=%2Fwp%2Fv2%2Fcomments&post=140"}],"version-history":[{"count":18,"href":"https:\/\/philippe-lambert-journaliste.be\/index.php?rest_route=\/wp\/v2\/pages\/140\/revisions"}],"predecessor-version":[{"id":344,"href":"https:\/\/philippe-lambert-journaliste.be\/index.php?rest_route=\/wp\/v2\/pages\/140\/revisions\/344"}],"wp:attachment":[{"href":"https:\/\/philippe-lambert-journaliste.be\/index.php?rest_route=%2Fwp%2Fv2%2Fmedia&parent=140"}],"curies":[{"name":"wp","href":"https:\/\/api.w.org\/{rel}","templated":true}]}}