{"id":222,"date":"2014-05-22T14:50:38","date_gmt":"2014-05-22T13:50:38","guid":{"rendered":"http:\/\/philippe-lambert-journaliste.be\/?page_id=222"},"modified":"2023-01-25T17:59:40","modified_gmt":"2023-01-25T16:59:40","slug":"accueil-5","status":"publish","type":"page","link":"https:\/\/philippe-lambert-journaliste.be\/","title":{"rendered":"Accueil"},"content":{"rendered":"<div class=\"art-content-layout\">\n<div class=\"art-content-layout-row\">\n<div class=\"art-layout-cell layout-item-0\" style=\"width: 100%;\">\n<h1><span style=\"font-family: Tahoma;\">Bienvenue<br \/>\nsur cet espace de pr\u00e9sentation.<\/span><\/h1>\n<h3><\/h3>\n\n<h5><span style=\"font-family: Tahoma; font-size: 14px;\">&nbsp; Journaliste scientifique ind\u00e9pendant, je r\u00e9alise des articles de presse en fran\u00e7ais touchant<br \/>\n\u00e0 diff\u00e9rents domaines de la science, avec une expertise particuli\u00e8re pour les<br \/>\nneurosciences, la psychologie, l&rsquo;\u00e9thique, la recherche en canc\u00e9rologie,<br \/>\nl&rsquo;astrophysique et la cosmologie.<\/span><\/h5>\n<h5><\/h5>\n<h5><span style=\"font-family: Tahoma; font-size: 14px;\">&nbsp; De temps \u00e0 autre, il m&rsquo;arrive aussi d&rsquo;aborder des sujets en lien avec la culture,<br \/>\nle sport, l&rsquo;\u00e9conomie ou les questions de soci\u00e9t\u00e9.<\/span><\/h5>\n<h5><\/h5>\n<h5><span style=\"font-family: Tahoma; font-size: 14px;\">&nbsp; Mes clients sont principalement des magazines et sites Internet belges, fran\u00e7ais et<br \/>\nsuisses. Certains de mes articles font l&rsquo;objet de traductions.<\/span><\/h5>\n<h5><\/h5>\n<h5><span style=\"font-family: Tahoma; font-size: 14px;\">&nbsp; C&rsquo;est tant\u00f4t \u00e0 la presse g\u00e9n\u00e9raliste, tant\u00f4t \u00e0 des publications sp\u00e9cialis\u00e9es que<br \/>\ns&rsquo;adressent mes articles. Je dispose \u00e9galement d&rsquo;une exp\u00e9rience dans la presse<br \/>\nd&rsquo;entreprise et dans la r\u00e9alisation de dossiers de presse.<\/span><\/h5>\n<h5><\/h5>\n<h5>&nbsp;&nbsp; <span style=\"font-family: Tahoma; font-size: 14px;\">Je suis l&rsquo;auteur d&rsquo;un essai et le coauteur de six autres. En outre, j&rsquo;ai \u00e9crit un roman, publi\u00e9 en octobre 2015.<br \/>\n<\/span><\/h5>\n<h5><\/h5>\n<h5>&nbsp; &nbsp;<span style=\"font-family: Tahoma; font-size: 14px;\">Je vous propose \u00e0 pr\u00e9sent de d\u00e9couvrir mes r\u00e9f\u00e9rences, un press-book et une liste reprenant<br \/>\nquelques exemples de th\u00e8mes que j&rsquo;ai trait\u00e9s. Le lien \u00ab&nbsp;Contact&nbsp;\u00bb<br \/>\nvous permettra de m&rsquo;adresser un e-mail.<\/span><\/h5>\n<\/div>\n<\/div>\n<\/div>\n","protected":false},"excerpt":{"rendered":"<p>Bienvenue sur cet espace de pr\u00e9sentation. &nbsp; Journaliste scientifique ind\u00e9pendant, je r\u00e9alise des articles de presse en fran\u00e7ais touchant \u00e0 diff\u00e9rents domaines de la science, avec une expertise particuli\u00e8re pour les neurosciences, la psychologie, l&rsquo;\u00e9thique, la recherche en canc\u00e9rologie, l&rsquo;astrophysique et la cosmologie. &nbsp; De temps \u00e0 autre, il m&rsquo;arrive aussi d&rsquo;aborder des sujets en [&hellip;]<\/p>\n","protected":false},"author":1,"featured_media":0,"parent":0,"menu_order":1,"comment_status":"closed","ping_status":"open","template":"","meta":{"footnotes":""},"class_list":["post-222","page","type-page","status-publish","hentry"],"_links":{"self":[{"href":"https:\/\/philippe-lambert-journaliste.be\/index.php?rest_route=\/wp\/v2\/pages\/222","targetHints":{"allow":["GET"]}}],"collection":[{"href":"https:\/\/philippe-lambert-journaliste.be\/index.php?rest_route=\/wp\/v2\/pages"}],"about":[{"href":"https:\/\/philippe-lambert-journaliste.be\/index.php?rest_route=\/wp\/v2\/types\/page"}],"author":[{"embeddable":true,"href":"https:\/\/philippe-lambert-journaliste.be\/index.php?rest_route=\/wp\/v2\/users\/1"}],"replies":[{"embeddable":true,"href":"https:\/\/philippe-lambert-journaliste.be\/index.php?rest_route=%2Fwp%2Fv2%2Fcomments&post=222"}],"version-history":[{"count":7,"href":"https:\/\/philippe-lambert-journaliste.be\/index.php?rest_route=\/wp\/v2\/pages\/222\/revisions"}],"predecessor-version":[{"id":385,"href":"https:\/\/philippe-lambert-journaliste.be\/index.php?rest_route=\/wp\/v2\/pages\/222\/revisions\/385"}],"wp:attachment":[{"href":"https:\/\/philippe-lambert-journaliste.be\/index.php?rest_route=%2Fwp%2Fv2%2Fmedia&parent=222"}],"curies":[{"name":"wp","href":"https:\/\/api.w.org\/{rel}","templated":true}]}}