{"id":45,"date":"2014-05-15T10:58:41","date_gmt":"2014-05-15T09:58:41","guid":{"rendered":"http:\/\/lambert.ttjuprelle.be\/?page_id=45"},"modified":"2023-04-26T14:20:13","modified_gmt":"2023-04-26T13:20:13","slug":"quelques-articles-deja-parus","status":"publish","type":"page","link":"https:\/\/philippe-lambert-journaliste.be\/?page_id=45","title":{"rendered":"Press-book"},"content":{"rendered":"<table border=\"0\" width=\"995\" cellspacing=\"0\" cellpadding=\"0\" align=\"center\">\n<tbody>\n<tr>\n<td width=\"520\">\n<h3><span style=\"font-family: verdana,geneva;\"><a href=\"https:\/\/philippe-lambert-journaliste.be\/wp-content\/uploads\/Le-temps-Athena.pdf\">Le temps &#8211; Athena<\/a><\/span><\/h3>\n<h3><span style=\"font-family: verdana,geneva;\"><a href=\"https:\/\/philippe-lambert-journaliste.be\/wp-content\/uploads\/Harceleurs-scolaires-L\u00c9cho-Magazine.pdf\">Harceleurs scolaires &#8211; L&rsquo;\u00c9cho Magazine<\/a><\/span><\/h3>\n<h3><span style=\"font-family: verdana,geneva;\"><a href=\"https:\/\/philippe-lambert-journaliste.be\/wp-content\/uploads\/Neurogen\u00e8se-in-vitro-FNRS-News.pdf\">Neurogen\u00e8se in vitro &#8211; FNRS News<\/a><\/span><\/h3>\n<h3><span style=\"font-family: verdana,geneva;\"><a href=\"https:\/\/philippe-lambert-journaliste.be\/wp-content\/uploads\/Dopage-et-\u00e9thique-Moustique.pdf\">Dopage et \u00e9thique &#8211; Moustique<\/a><\/span><\/h3>\n<h3><span style=\"font-family: verdana,geneva;\"><a href=\"https:\/\/philippe-lambert-journaliste.be\/wp-content\/uploads\/Dualisme-cart\u00e9sien-site-R\u00e9flexions-ULg.pdf\">Dualisme cart\u00e9sien &#8211; site R\u00e9flexions ULi\u00e8ge<\/a><\/span><\/h3>\n<h3><span style=\"font-family: verdana,geneva;\"><a href=\"https:\/\/philippe-lambert-journaliste.be\/wp-content\/uploads\/Conscience-Athena.pdf\">Conscience &#8211; Athena<\/a><\/span><\/h3>\n<h3><span style=\"font-family: verdana,geneva;\"><a href=\"https:\/\/philippe-lambert-journaliste.be\/wp-content\/uploads\/Cerveau-transparent-Le-Cercle-Psy.pdf\">Cerveau transparent &#8211; Le Cercle Psy<\/a><\/span><\/h3>\n<h3><span style=\"font-family: verdana,geneva;\"><a href=\"https:\/\/philippe-lambert-journaliste.be\/wp-content\/uploads\/Complotisme-Neurone.pdf\">Complotisme &#8211; Neurone<\/a><\/span><\/h3>\n<h3><span style=\"font-family: verdana,geneva;\"><a href=\"https:\/\/philippe-lambert-journaliste.be\/wp-content\/uploads\/Cancer-et-t\u00e9lom\u00e8res-FNRS-News.pdf\">Cancer et t\u00e9lom\u00e8res &#8211; FNRS News<\/a><\/span><\/h3>\n<h3><span style=\"font-family: verdana,geneva;\"><a href=\"https:\/\/philippe-lambert-journaliste.be\/wp-content\/uploads\/Bio\u00e9thique-Tempo-M\u00e9dical.pdf\">Bio\u00e9thique &#8211; Tempo M\u00e9dical<\/a><\/span><\/h3>\n<h3><span style=\"font-family: verdana,geneva;\"><a href=\"https:\/\/philippe-lambert-journaliste.be\/wp-content\/uploads\/Appartenances-groupales-Bodytalk.pdf\">Appartenances groupales &#8211; Bodytalk<\/a><\/span><\/h3>\n<h3><span style=\"font-family: verdana,geneva;\"><a href=\"https:\/\/philippe-lambert-journaliste.be\/wp-content\/uploads\/La-vie-psychique-des-d\u00e9tenus-R\u00e9flexions.pdf\">La vie psychique des d\u00e9tenus &#8211; site R\u00e9flexion ULi\u00e8ge<\/a><\/span><\/h3>\n<h3><span style=\"font-family: verdana,geneva;\"><a href=\"https:\/\/philippe-lambert-journaliste.be\/wp-content\/uploads\/EMI.pdf\">Exp\u00e9riences de mort imminente &#8211; La Recherche<\/a><\/span><\/h3>\n<h3><span style=\"font-family: verdana,geneva;\"><a href=\"https:\/\/philippe-lambert-journaliste.be\/wp-content\/uploads\/La-cr\u00e9ativit\u00e9-Neurone.pdf\">La cr\u00e9ativit\u00e9 &#8211; Neurone<\/a><\/span><\/h3>\n<h3><span style=\"font-family: verdana,geneva;\"><a href=\"https:\/\/philippe-lambert-journaliste.be\/wp-content\/uploads\/Intrusions-de-sommeil-local-Athena.pdf\">Intrusions de sommeil local &#8211; Athena<\/a><\/span><\/h3>\n<\/td>\n<td valign=\"top\" width=\"475\">\n<h3 style=\"text-align: left;\"><\/h3>\n<h3 style=\"text-align: left;\"><span style=\"font-family: verdana,geneva;\"><a href=\"https:\/\/philippe-lambert-journaliste.be\/wp-content\/uploads\/Reconnaissance-des-visages-La-Recherche.pdf\" target=\"_blank\" rel=\"noopener\">La reconnaissance des visages &#8211; La Recherche<\/a><\/span><\/h3>\n<h3 style=\"text-align: left;\"><span style=\"font-family: verdana,geneva;\"><a href=\"https:\/\/philippe-lambert-journaliste.be\/wp-content\/uploads\/Affaire-Armstrong-LSMD-1.pdf\" target=\"_blank\" rel=\"noopener\">Affaire Armstrong &#8211; LSMD<\/a><\/span><\/h3>\n<h3 style=\"text-align: left;\"><span style=\"font-family: verdana,geneva;\"><a title=\"Science et Vie\" href=\"https:\/\/philippe-lambert-journaliste.be\/wp-content\/uploads\/Principe-anthropique-Science-Vie.pdf\" target=\"_blank\" rel=\"noopener\">Principe anthropique &#8211; Science <span style=\"font-family: arial,helvetica,sans-serif;\">&amp;<\/span> Vie<\/a><\/span><\/h3>\n<h3 style=\"text-align: left;\"><span style=\"font-family: verdana,geneva;\"><a href=\"https:\/\/philippe-lambert-journaliste.be\/wp-content\/uploads\/Prix-Nobel-Christian-de-Duve-Athena.pdf\" target=\"_blank\" rel=\"noopener\">Prix Nobel Christian de Duve &#8211; Athena<\/a><\/span><\/h3>\n<h3 style=\"text-align: left;\"><span style=\"font-family: verdana,geneva;\"><a href=\"https:\/\/philippe-lambert-journaliste.be\/wp-content\/uploads\/Neurone-N2236F.pdf\" target=\"_blank\" rel=\"noopener\">Du laboratoire au cerveau &#8211; Neurone<\/a><\/span><\/h3>\n<h3 style=\"text-align: left;\"><span style=\"font-family: verdana,geneva;\"><a href=\"https:\/\/philippe-lambert-journaliste.be\/wp-content\/uploads\/Le-mensonge-Journal-du-M\u00e9decin.pdf\" target=\"_blank\" rel=\"noopener\">Le mensonge &#8211; Journal du M\u00e9decin<\/a><\/span><\/h3>\n<h3 style=\"text-align: left;\"><span style=\"font-family: verdana,geneva;\"><a href=\"https:\/\/philippe-lambert-journaliste.be\/wp-content\/uploads\/BONFR17-038-039.pdf\" target=\"_blank\" rel=\"noopener\">Un pas vers la pr\u00e9vention des m\u00e9tastases &#8211; Belgian Oncology and Hematology News<\/a><\/span><\/h3>\n<h3 style=\"text-align: left;\"><span style=\"font-family: verdana,geneva;\"><a href=\"https:\/\/philippe-lambert-journaliste.be\/wp-content\/uploads\/C\u00e9dric-Blanpain-La-Recherche.pdf\" target=\"_blank\" rel=\"noopener\">Portrait de C\u00e9dric Blanpain &#8211; La Recherche<\/a><\/span><\/h3>\n<h3 style=\"text-align: left;\"><span style=\"font-family: verdana,geneva;\"><a href=\"https:\/\/philippe-lambert-journaliste.be\/wp-content\/uploads\/ATH323_24-27_Langage-humainLambert.pdf\" target=\"_blank\" rel=\"noopener\">Les origines du langage humain &#8211; Athena<\/a><\/span><\/h3>\n<h3 style=\"text-align: left;\"><span style=\"font-family: verdana,geneva;\"><a href=\"https:\/\/philippe-lambert-journaliste.be\/wp-content\/uploads\/Cancer-r\u00e9sistances-aux-th\u00e9rapies-cibl\u00e9es-Belgian-Oncology-News.pdf\" target=\"_blank\" rel=\"noopener\">Cancer : r\u00e9sistance aux th\u00e9rapies cibl\u00e9es &#8211; Belgian Oncology and Hematology News<\/a><\/span><\/h3>\n<h3 style=\"text-align: left;\"><span style=\"font-family: verdana,geneva;\"><a href=\"https:\/\/philippe-lambert-journaliste.be\/wp-content\/uploads\/Perception-de-la-mort-par-les-pilotes-de-F1-Journal-du-M\u00e9decin.pdf\" target=\"_blank\" rel=\"noopener\">Perception de la mort par les pilotes de F1 &#8211; Journal du M\u00e9decin<\/a><\/span><\/h3>\n<h3 style=\"text-align: left;\"><a href=\"https:\/\/philippe-lambert-journaliste.be\/wp-content\/uploads\/Belgian-Brain-Council-2012-dossier-de-presse.pdf\" target=\"_blank\" rel=\"noopener\">Belgian Brain Congress 2012 &#8211;\u00a0Dossier de presse<\/a><\/h3>\n<h3 style=\"text-align: left;\"><span style=\"font-family: verdana,geneva;\"><a title=\"Le Collectionneur de soupirs\" href=\"https:\/\/philippe-lambert-journaliste.be\/?page_id=287\">Le Collectionneur de soupirs &#8211; Weyrich \u00c9dition<\/a><\/span><\/h3>\n<h3 style=\"text-align: left;\"><span style=\"font-family: verdana,geneva;\"><a title=\"Pilotes de formule 1 - L'\u00e9preuve des hommes\" href=\"https:\/\/philippe-lambert-journaliste.be\/?page_id=248\">Pilotes de Formule 1 &#8211; Calmann-L\u00e9vy<\/a><\/span><\/h3>\n<\/td>\n<\/tr>\n<\/tbody>\n<\/table>\n","protected":false},"excerpt":{"rendered":"<p>Le temps &#8211; Athena Harceleurs scolaires &#8211; L&rsquo;\u00c9cho Magazine Neurogen\u00e8se in vitro &#8211; FNRS News Dopage et \u00e9thique &#8211; Moustique Dualisme cart\u00e9sien &#8211; site R\u00e9flexions ULi\u00e8ge Conscience &#8211; Athena Cerveau transparent &#8211; Le Cercle Psy Complotisme &#8211; Neurone Cancer et t\u00e9lom\u00e8res &#8211; FNRS News Bio\u00e9thique &#8211; Tempo M\u00e9dical Appartenances groupales &#8211; Bodytalk La vie psychique [&hellip;]<\/p>\n","protected":false},"author":1,"featured_media":0,"parent":0,"menu_order":0,"comment_status":"closed","ping_status":"closed","template":"","meta":{"footnotes":""},"class_list":["post-45","page","type-page","status-publish","hentry"],"_links":{"self":[{"href":"https:\/\/philippe-lambert-journaliste.be\/index.php?rest_route=\/wp\/v2\/pages\/45","targetHints":{"allow":["GET"]}}],"collection":[{"href":"https:\/\/philippe-lambert-journaliste.be\/index.php?rest_route=\/wp\/v2\/pages"}],"about":[{"href":"https:\/\/philippe-lambert-journaliste.be\/index.php?rest_route=\/wp\/v2\/types\/page"}],"author":[{"embeddable":true,"href":"https:\/\/philippe-lambert-journaliste.be\/index.php?rest_route=\/wp\/v2\/users\/1"}],"replies":[{"embeddable":true,"href":"https:\/\/philippe-lambert-journaliste.be\/index.php?rest_route=%2Fwp%2Fv2%2Fcomments&post=45"}],"version-history":[{"count":70,"href":"https:\/\/philippe-lambert-journaliste.be\/index.php?rest_route=\/wp\/v2\/pages\/45\/revisions"}],"predecessor-version":[{"id":380,"href":"https:\/\/philippe-lambert-journaliste.be\/index.php?rest_route=\/wp\/v2\/pages\/45\/revisions\/380"}],"wp:attachment":[{"href":"https:\/\/philippe-lambert-journaliste.be\/index.php?rest_route=%2Fwp%2Fv2%2Fmedia&parent=45"}],"curies":[{"name":"wp","href":"https:\/\/api.w.org\/{rel}","templated":true}]}}